{"id":32765,"date":"2019-09-30T02:37:52","date_gmt":"2019-09-30T07:37:52","guid":{"rendered":"http:\/\/nofm-radio.com\/?page_id=32765"},"modified":"2019-09-30T02:40:55","modified_gmt":"2019-09-30T07:40:55","slug":"quienes-somos","status":"publish","type":"page","link":"https:\/\/nofm-radio.com\/?page_id=32765","title":{"rendered":"\u00bfQui\u00e9nes somos?"},"content":{"rendered":"\n<p>Ruido. Violencia. Sabor a metal entre los dientes, y las ganas de  gritar, siempre las ganas de gritar; no para el o\u00eddo, sino para las  tripas, para saber que se corresponden con la vida o para comprender  otra cosa, la m\u00e1s lejana, a nosotros mismos, a una generaci\u00f3n, a una  revuelta sofocada de principio que simplemente encuentra sus puntos de  fuga en la rabieta y el desmadre. NoFM es caos en el orden estricto de  nuestras computadoras. Si quisieramos ponerle una fecha de salida,  tendr\u00edamos que pensar en el nacimiento de un mont\u00f3n de ni\u00f1os sin voz y  rodeados de est\u00e1tica, una pandilla el\u00e9ctrica y digital, con m\u00e1s rencores  que h\u00e9roes, intoxicada de an\u00e9cdotas salv\u00edficas y sue\u00f1os de cambio  abortados. \u00bfEsperar? Ya no. Era el momento de matar al toro que antes se  tomaba por los cuernos. NoFM se convirti\u00f3 en un madero al cual  sostenerse en el a\u00f1o de 2012, el a\u00f1o en que los j\u00f3venes pensaron que  pod\u00edan influir en el paisaje nacional, el a\u00f1o en que tambi\u00e9n notaron que  no ten\u00edan espacio en ning\u00fan lado, salvo en las cuevas que ellos mismos  cavaran. Refugios ante un mundo con los dientes muy afilados.  Comunicaci\u00f3n. Redes. Nuevas formas de di\u00e1logo. M\u00fasica siempre. Delirio.  La salvaci\u00f3n de todos est\u00e1 en una pantalla, dicen. La cara de todos est\u00e1  en una pantalla, dicen. El amor es una conexi\u00f3n. Y entender que una luz  en medio de un estadio vac\u00edo en espera de su banda favorita es todav\u00eda  una raz\u00f3n para tratar de hacer las cosas de otra manera. NoFM es otra  manera.<\/p>\n\n\n\n<p>NoFM est\u00e1 construido por una programaci\u00f3n de lunes a s\u00e1bado, de 10 a 1  de la ma\u00f1ana, sin interrupciones. El equipo que conforma la estaci\u00f3n  son j\u00f3venes profesionistas en distintas \u00e1reas, comprometidos con  promover la cultura del do it yourself, promover espacios en los que los  creativos conviven y se comunican con las audiencias sin otro mediador  que las ideas.<\/p>\n\n\n\n<p>Desde su nombre, pretendemos crear un espacio que se construye en  comunidad. Al decir \u2018no\u2019 al FM queremos hacer \u00e9nfasis en nuestro  desacuerdo hacia los medios convencionales, construidos con base en una  imagen estereotipada del joven, que ya no corresponde a la realidad.  NoFM mantiene una estrecha comunicaci\u00f3n con su audiencia a trav\u00e9s de las  redes sociales, las cuales permiten al p\u00fablico ser escuchado y ver  atendidas sus peticiones, sugerencias y comentarios. Promovemos la idea  de que todos somos creativos y consumidores, y as\u00ed podemos cubrir  nuestras necesidades y deseos.<\/p>\n\n\n\n<p><\/p>\n","protected":false},"excerpt":{"rendered":"<p>Ruido. Violencia. Sabor a metal entre los dientes, y las ganas de gritar, siempre las ganas de gritar; no para el o\u00eddo, sino para las tripas, para saber que se corresponden con la vida o para comprender otra cosa, la m\u00e1s lejana, a nosotros mismos, a una generaci\u00f3n, a una revuelta sofocada de principio que [&hellip;]<\/p>\n","protected":false},"author":1,"featured_media":32767,"parent":0,"menu_order":0,"comment_status":"closed","ping_status":"closed","template":"page-acerca.php","meta":{"_id_youtube":"","_id_vimeo":"","_podcasts_duration":"","_podcasts_url":"","_podcasts_show":"","_prog_horario_dias":"","_prog_hora":"","_prog_duration":"","footnotes":""},"class_list":["post-32765","page","type-page","status-publish","has-post-thumbnail","hentry"],"_links":{"self":[{"href":"https:\/\/nofm-radio.com\/index.php?rest_route=\/wp\/v2\/pages\/32765","targetHints":{"allow":["GET"]}}],"collection":[{"href":"https:\/\/nofm-radio.com\/index.php?rest_route=\/wp\/v2\/pages"}],"about":[{"href":"https:\/\/nofm-radio.com\/index.php?rest_route=\/wp\/v2\/types\/page"}],"author":[{"embeddable":true,"href":"https:\/\/nofm-radio.com\/index.php?rest_route=\/wp\/v2\/users\/1"}],"replies":[{"embeddable":true,"href":"https:\/\/nofm-radio.com\/index.php?rest_route=%2Fwp%2Fv2%2Fcomments&post=32765"}],"version-history":[{"count":2,"href":"https:\/\/nofm-radio.com\/index.php?rest_route=\/wp\/v2\/pages\/32765\/revisions"}],"predecessor-version":[{"id":32768,"href":"https:\/\/nofm-radio.com\/index.php?rest_route=\/wp\/v2\/pages\/32765\/revisions\/32768"}],"wp:featuredmedia":[{"embeddable":true,"href":"https:\/\/nofm-radio.com\/index.php?rest_route=\/wp\/v2\/media\/32767"}],"wp:attachment":[{"href":"https:\/\/nofm-radio.com\/index.php?rest_route=%2Fwp%2Fv2%2Fmedia&parent=32765"}],"curies":[{"name":"wp","href":"https:\/\/api.w.org\/{rel}","templated":true}]}}